{"id":6,"date":"2022-09-16T12:17:21","date_gmt":"2022-09-16T12:17:21","guid":{"rendered":"http:\/\/rdv-entreprise.com\/rencontres-eco2024\/?page_id=6"},"modified":"2023-11-28T11:28:08","modified_gmt":"2023-11-28T09:28:08","slug":"page-daccueil","status":"publish","type":"page","link":"https:\/\/rdv-entreprise.com\/rencontres-eco2024\/","title":{"rendered":"Page d&rsquo;accueil"},"content":{"rendered":"    <div class=\"cover-slider\">\r\n        <div class=\"item-wrapper\">\r\n                            <div class=\"item\">\r\n                    <figure  class=\"fit-cover\">\r\n        <picture>\r\n                                        <source srcset=\"https:\/\/rdv-entreprise.com\/rencontres-eco2024\/wp-content\/uploads\/2023\/11\/header-strasbourg-840x1380.jpg.webp\" media=\"(max-width: 420px\" \/>\r\n                            <source srcset=\"https:\/\/rdv-entreprise.com\/rencontres-eco2024\/wp-content\/uploads\/2023\/11\/header-strasbourg-768x914.jpg.webp\" media=\"(max-width: 980px\" \/>\r\n                            <source srcset=\"https:\/\/rdv-entreprise.com\/rencontres-eco2024\/wp-content\/uploads\/2023\/11\/header-strasbourg-1024x658.jpg.webp\" media=\"(max-width: 1024px\" \/>\r\n                    \r\n        <img  class='lazy'            width=\"1920\"\r\n            height=\"911\"\r\n            data-src=\"https:\/\/rdv-entreprise.com\/rencontres-eco2024\/wp-content\/uploads\/2023\/11\/header-strasbourg-1920x911.jpg.webp\"\r\n            alt=\"\"\r\n        \/>\r\n        <\/picture>\r\n    <\/figure>\r\n    <span class=\"credits\">Cr\u00e9dit photo : Bartosch Salmanski &#8211; 128 db<\/span>\r\n                        <div class=\"caption\">\r\n                            <div class=\"container\">\r\n                                <h2 style=\"text-align: center;\"><strong>Rencontres \u00e9conomiques<\/strong><\/h2>\n<p>&nbsp;<\/p>\n<h3 style=\"text-align: center;\">\u00a0Bienvenue sur le formulaire d\u2019inscription<br \/>\naux Rencontres \u00e9conomiques<\/h3>\n                            <\/div>\r\n                            <button class=\"btn\">Je participe<\/button>                        <\/div>\r\n                        \r\n                <\/div>\r\n                        <\/div>\r\n    <\/div>\r\n    \n\n<div class=\"bloc logos\">\r\n    <div class=\"container\">\r\n    <figure >\r\n            \r\n        <img  class='lazy'            width=\"242\"\r\n            height=\"60\"\r\n            data-src=\"https:\/\/rdv-entreprise.com\/rencontres-eco2024\/wp-content\/uploads\/2023\/11\/logo-strasbourg-0x60.jpg.webp\"\r\n            alt=\"\"\r\n        \/>\r\n    <\/figure>\r\n<figure >\r\n            \r\n        <img  class='lazy'            width=\"165\"\r\n            height=\"60\"\r\n            data-src=\"https:\/\/rdv-entreprise.com\/rencontres-eco2024\/wp-content\/uploads\/2023\/11\/logo-unistra-0x60.png.webp\"\r\n            alt=\"\"\r\n        \/>\r\n    <\/figure>\r\n<figure >\r\n            \r\n        <img  class='lazy'            width=\"270\"\r\n            height=\"60\"\r\n            data-src=\"https:\/\/rdv-entreprise.com\/rencontres-eco2024\/wp-content\/uploads\/2023\/11\/logo-cci-0x60.png.webp\"\r\n            alt=\"\"\r\n        \/>\r\n    <\/figure>\r\n<figure >\r\n            \r\n        <img  class='lazy'            width=\"207\"\r\n            height=\"60\"\r\n            data-src=\"https:\/\/rdv-entreprise.com\/rencontres-eco2024\/wp-content\/uploads\/2023\/11\/cma-logo-2018-rouge-horizontal_0-0x60.png.webp\"\r\n            alt=\"\"\r\n        \/>\r\n    <\/figure>\r\n    <\/div>\r\n<\/div>\n\n<div class=\"bloc col-txt\">\r\n    <div class=\"container\">\r\n    <div class=\"row template-2\"><p><strong>Pia IMBS<\/strong><br \/>\r\nPr\u00e9sidente de l\u2019Eurom\u00e9tropole de Strasbourg<\/p><p><strong>Jeanne BARSEGHIAN<\/strong><br \/>\r\nMaire de Strasbourg<\/p><\/div><div class=\"row template-3\"><p><strong>Michel DENEKEN<\/strong><br \/>\r\nPr\u00e9sident de l&rsquo;Universit\u00e9 de Strasbourg<\/p><p><strong>Jean-Luc HEIMBURGER<\/strong><br \/>\r\nPr\u00e9sident de la CCI Alsace Eurom\u00e9tropole<\/p><p><strong>Jean-Luc HOFFMANN<\/strong><br \/>\r\nPr\u00e9sident de la Chambre de M\u00e9tiers d&rsquo;Alsace<\/p><\/div>    <\/div>\r\n<\/div>\n\n<div class=\"core-paragraph\">\n<p class=\"has-text-align-center\">ont le plaisir de vous inviter pour<\/p>\n<\/div>\n\n<div class=\"core-heading\">\n<h2 class=\"wp-block-heading has-text-align-center has-sec-color has-text-color\"><strong>Les Rencontres \u00e9conomiques<\/strong><\/h2>\n<\/div>\n\n<div class=\"core-paragraph\">\n<p class=\"has-text-align-center has-medium-font-size\">un moment d\u2019inspiration pour les acteurs \u00e9conomiques <br>de l\u2019Eurom\u00e9tropole de Strasbourg&nbsp;sur le th\u00e8me<\/p>\n<\/div>\n\n<div class=\"core-paragraph\">\n<p class=\"has-text-align-center has-big-font-size\"><strong>(R)\u00e9volution de l&#8217;emploi : <\/strong><br><strong>comp\u00e9tences, <\/strong><strong>qu\u00eate de sens &amp; nouvelles organisations <\/strong>&nbsp;<\/p>\n<\/div>\n\n\n<div style=\"height:30px\" aria-hidden=\"true\" class=\"wp-block-spacer\"><\/div>\n\n\n<div class=\"core-paragraph\">\n<p class=\"has-text-align-center has-sec-color has-text-color has-link-color has-big-font-size wp-elements-a5f16928640875063b2d622dd963a428\"><strong>Mardi 16 janvier 2024 \u00e0 18 h 30<\/strong><\/p>\n<\/div>\n\n\n<div style=\"height:30px\" aria-hidden=\"true\" class=\"wp-block-spacer\"><\/div>\n\n\n<div class=\"core-paragraph\">\n<p class=\"has-text-align-center has-medium-font-size\"><strong>Palais de la Musique et des Congr\u00e8s de Strasbourg (entr\u00e9e Erasme)<\/strong><\/p>\n<\/div>\n\n<div class=\"core-paragraph\">\n<p class=\"has-text-align-center has-base-font-size\">Ouverture des portes pr\u00e9vue \u00e0 18 h<\/p>\n<\/div>\n\n\n<div style=\"height:30px\" aria-hidden=\"true\" class=\"wp-block-spacer\"><\/div>\n\n\n<div class=\"core-paragraph\">\n<p>&#8211; Profitez d\u2019un moment de rencontre exclusif entre acteurs \u00e9conomiques,<br><br>&#8211; B\u00e9n\u00e9ficiez de t\u00e9moignages inspirants d\u2019entrepreneurs locaux qui engagent des transformations dans leurs entreprises,<br><br>&#8211; Participez \u00e0 un temps de r\u00e9seautage lors du cocktail.<\/p>\n<\/div>\n\n<div class=\"bloc img-txt template-left\">\r\n    <div class=\"container small\">\r\n                    <div class=\"txt-part\">\r\n                <p><strong>Les Rencontres \u00e9conomiques sont un \u00e9v\u00e9nement labellis\u00e9<\/strong><br \/>\n<strong>\u00e9co-manifestation.<\/strong><\/p>\n            <\/div>\r\n                    <div class=\"img-part\">\r\n                <figure >\r\n            \r\n        <img  class='lazy'            width=\"200\"\r\n            height=\"202\"\r\n            data-src=\"https:\/\/rdv-entreprise.com\/rencontres-eco2024\/wp-content\/uploads\/2023\/11\/ecomanif-niv1-logo-200x0.png.webp\"\r\n            alt=\"\"\r\n        \/>\r\n    <\/figure>\r\n            <\/div>\r\n            <\/div>\r\n<\/div>\n\n\n<div style=\"height:50px\" aria-hidden=\"true\" class=\"wp-block-spacer\"><\/div>\n\n\n<div class=\"core-paragraph\">\n<p class=\"has-sec-color has-text-color has-link-color has-medium-font-size wp-elements-962542b4274f9c651db448b8c21dbfb6\"><strong>Je m&rsquo;inscris<\/strong><\/p>\n<\/div>\n\n\r\n<div class=\"bloc formulaire\">\r\n    <div class=\"container small\">\r\n        <p class=\"rest\">45 places restantes\n<div class=\"wpcf7 no-js\" id=\"wpcf7-f334-o1\" lang=\"fr-FR\" dir=\"ltr\">\n<div class=\"screen-reader-response\"><p role=\"status\" aria-live=\"polite\" aria-atomic=\"true\"><\/p> <ul><\/ul><\/div>\n<form action=\"\/rencontres-eco2024\/wp-json\/wp\/v2\/pages\/6#wpcf7-f334-o1\" method=\"post\" class=\"wpcf7-form init\" aria-label=\"Formulaire de contact\" novalidate=\"novalidate\" data-status=\"init\">\n<div style=\"display: none;\">\n<input type=\"hidden\" name=\"_wpcf7\" value=\"334\" \/>\n<input type=\"hidden\" name=\"_wpcf7_version\" value=\"5.7.6\" \/>\n<input type=\"hidden\" name=\"_wpcf7_locale\" value=\"fr_FR\" \/>\n<input type=\"hidden\" name=\"_wpcf7_unit_tag\" value=\"wpcf7-f334-o1\" \/>\n<input type=\"hidden\" name=\"_wpcf7_container_post\" value=\"0\" \/>\n<input type=\"hidden\" name=\"_wpcf7_posted_data_hash\" value=\"\" \/>\n<\/div>\n<div class=\"field\">\n\t<p><label> Civilit\u00e9 (obligatoire)<br \/>\n<span class=\"wpcf7-form-control-wrap\" data-name=\"civilite\"><span class=\"wpcf7-form-control wpcf7-radio\"><span class=\"wpcf7-list-item first\"><label><input type=\"radio\" name=\"civilite\" value=\"M.\" checked=\"checked\" \/><span class=\"wpcf7-list-item-label\">M.<\/span><\/label><\/span><span class=\"wpcf7-list-item last\"><label><input type=\"radio\" name=\"civilite\" value=\"Mme\" \/><span class=\"wpcf7-list-item-label\">Mme<\/span><\/label><\/span><\/span><\/span> <\/label>\n\t<\/p>\n<\/div>\n<div class=\"field col-50\">\n\t<p><label> Nom (obligatoire)<br \/>\n<span class=\"wpcf7-form-control-wrap\" data-name=\"nom\"><input size=\"40\" class=\"wpcf7-form-control wpcf7-text wpcf7-validates-as-required\" autocomplete=\"family-name\" aria-required=\"true\" aria-invalid=\"false\" value=\"\" type=\"text\" name=\"nom\" \/><\/span> <\/label>\n\t<\/p>\n<\/div>\n<div class=\"field col-50\">\n\t<p><label> Pr\u00e9nom (obligatoire)<br \/>\n<span class=\"wpcf7-form-control-wrap\" data-name=\"prenom\"><input size=\"40\" class=\"wpcf7-form-control wpcf7-text wpcf7-validates-as-required\" autocomplete=\"given-name\" aria-required=\"true\" aria-invalid=\"false\" value=\"\" type=\"text\" name=\"prenom\" \/><\/span> <\/label>\n\t<\/p>\n<\/div>\n<div class=\"field\">\n\t<p><label> Soci\u00e9t\u00e9 ou organisation (obligatoire)<br \/>\n<span class=\"wpcf7-form-control-wrap\" data-name=\"societe\"><input size=\"40\" class=\"wpcf7-form-control wpcf7-text wpcf7-validates-as-required\" aria-required=\"true\" aria-invalid=\"false\" value=\"\" type=\"text\" name=\"societe\" \/><\/span> <\/label>\n\t<\/p>\n<\/div>\n<div class=\"field\">\n\t<p><label> Fonction (obligatoire)<br \/>\n<span class=\"wpcf7-form-control-wrap\" data-name=\"fonction\"><input size=\"40\" class=\"wpcf7-form-control wpcf7-text wpcf7-validates-as-required\" aria-required=\"true\" aria-invalid=\"false\" value=\"\" type=\"text\" name=\"fonction\" \/><\/span> <\/label>\n\t<\/p>\n<\/div>\n<div class=\"field\">\n\t<p><label> E-mail (obligatoire)<br \/>\n<span class=\"wpcf7-form-control-wrap\" data-name=\"email\"><input size=\"40\" class=\"wpcf7-form-control wpcf7-text wpcf7-email wpcf7-validates-as-required wpcf7-validates-as-email\" autocomplete=\"email\" aria-required=\"true\" aria-invalid=\"false\" value=\"\" type=\"email\" name=\"email\" \/><\/span> <\/label>\n\t<\/p>\n<\/div>\n<div class=\"field\">\n\t<p><label> Je m&rsquo;inscris \u00e0 l&rsquo;\u00e9venement (obligatoire)<\/label><br \/>\n<span class=\"wpcf7-form-control-wrap\" data-name=\"events-custom\"><span class=\"wpcf7-form-control wpcf7-radio\" id=\"disable-first\"><span class=\"wpcf7-list-item first\"><label><input type=\"radio\" name=\"events-custom\" value=\"1100\" \/><span class=\"wpcf7-list-item-label\">Rencontres \u00e9conomiques uniquement<\/span><\/label><\/span><span class=\"wpcf7-list-item last\"><label><input type=\"radio\" name=\"events-custom\" value=\"1217\" \/><span class=\"wpcf7-list-item-label\">Rencontres \u00e9conomiques et au cocktail pour participer au temps de r\u00e9seautage<\/span><\/label><\/span><\/span><\/span>\n\t<\/p>\n<\/div>\n<div class=\"field\">\n\t<p><label> Je serai repr\u00e9sent\u00e9(e) par<br \/>\n<span class=\"wpcf7-form-control-wrap\" data-name=\"representant\"><input size=\"40\" class=\"wpcf7-form-control wpcf7-text\" aria-invalid=\"false\" value=\"\" type=\"text\" name=\"representant\" \/><\/span> <\/label>\n\t<\/p>\n<\/div>\n<div class=\"field\">\n\t<p><label> Dans le cadre de la d\u00e9marche de labellisation EMA, nous aimerions conna\u00eetre vos intentions sur le mode de d\u00e9placement utilis\u00e9. Comment avez-vous pr\u00e9vu de vous rendre aux Rencontres \u00e9conomiques ? <\/label><br \/>\n<span class=\"wpcf7-form-control-wrap\" data-name=\"deplacement\"><span class=\"wpcf7-form-control wpcf7-radio\" id=\"disable-first\"><span class=\"wpcf7-list-item first\"><label><input type=\"radio\" name=\"deplacement\" value=\"En transports en commun\" \/><span class=\"wpcf7-list-item-label\">En transports en commun<\/span><\/label><\/span><span class=\"wpcf7-list-item\"><label><input type=\"radio\" name=\"deplacement\" value=\"\u00c0 v\u00e9lo\" \/><span class=\"wpcf7-list-item-label\">\u00c0 v\u00e9lo<\/span><\/label><\/span><span class=\"wpcf7-list-item\"><label><input type=\"radio\" name=\"deplacement\" value=\"\u00c0 pied\" \/><span class=\"wpcf7-list-item-label\">\u00c0 pied<\/span><\/label><\/span><span class=\"wpcf7-list-item last\"><label><input type=\"radio\" name=\"deplacement\" value=\"En voiture\" \/><span class=\"wpcf7-list-item-label\">En voiture<\/span><\/label><\/span><\/span><\/span>\n\t<\/p>\n<\/div>\n<div class=\"field\">\n\t<p><label> Newsletters <\/label><br \/>\n<span class=\"wpcf7-form-control-wrap\" data-name=\"newsletter\"><span class=\"wpcf7-form-control wpcf7-acceptance optional\"><span class=\"wpcf7-list-item\"><label><input type=\"checkbox\" name=\"newsletter\" value=\"1\" aria-invalid=\"false\" \/><span class=\"wpcf7-list-item-label\">J&rsquo;accepte de recevoir des informations de la Ville et de l&rsquo;Eurom\u00e9tropole de Strasbourg, de l&rsquo;Universit\u00e9 de Strasbourg, de la CCI Alsace Eurom\u00e9tropole et de la Chambre de M\u00e9tiers d&rsquo;Alsace.<\/span><\/label><\/span><\/span><\/span>\n\t<\/p>\n<\/div>\n<div class=\"field\">\n\t<p><label> Mentions l\u00e9gales (obligatoire)<\/label><br \/>\n<span class=\"wpcf7-form-control-wrap\" data-name=\"rgpd\"><span class=\"wpcf7-form-control wpcf7-acceptance\"><span class=\"wpcf7-list-item\"><label><input type=\"checkbox\" name=\"rgpd\" value=\"1\" aria-invalid=\"false\" \/><span class=\"wpcf7-list-item-label\">Je consens \u00e0 l&rsquo;utilisation de mes coordonn\u00e9es dans le but de recevoir les informations relatives aux Rencontres \u00e9conomiques 2024.<\/span><\/label><\/span><\/span><\/span>\n\t<\/p>\n<\/div>\n<input class=\"wpcf7-form-control wpcf7-hidden\" value=\"3bd88c2ffdce69e4905f\" type=\"hidden\" name=\"hash\" \/>\n<div class=\"field legals\">\n\t<p>Vos donn\u00e9es \u00e0 caract\u00e8re personnel sont trait\u00e9es par les services de la Ville et l\u2019Eurom\u00e9tropole de Strasbourg, de l\u2019Universit\u00e9 de Strasbourg, des CCI territoriales du Grand Est, de la CCI Grand Est ainsi que de la Chambre de M\u00e9tiers d\u2019Alsace, agissant en qualit\u00e9 de co-responsables de traitement, aux fins d&rsquo;alimenter la base de gestion de la relation client (GRC) et contribuer \u00e0 la rencontre des d\u00e9cideurs \u00e9conomiques lors des Rencontres \u00e9conomiques 2024. Ces traitements reposent sur la mise en oeuvre d&rsquo;une mission de service public. Vos donn\u00e9es seront conserv\u00e9es pendant 3 ans \u00e0 compter de la collecte ou de votredernier contact.<br \/>\nConform\u00e9ment au r\u00e8glement (UE) 2016\/679 du 27 avril 2016 (r\u00e8glement g\u00e9n\u00e9ral sur la protection des donn\u00e9es) et la loi n\u00b078-17 du 6 janvier 1978 modifi\u00e9e (loi informatique et libert\u00e9s), vous disposez d&rsquo;un droit d&rsquo;acc\u00e8s, de rectification, d&rsquo;effacement et d&rsquo;opposition pour justes motifs aux donn\u00e9es vous concernant. Vous pouvez exercer ces droits aupr\u00e8s de :<br \/>\n&#8211; Pour la Ville et l&rsquo;Eurom\u00e9tropole de Strasbourg aupr\u00e8s de <a href=\"mailto:dpo@strasbourg.eu\">dpo@strasbourg.eu<\/a> ou D\u00e9l\u00e9gation \u00e0 la Protection des Donn\u00e9es (DPD), 1 parc de l&rsquo;\u00c9toile, 67076 Strasbourg Cedex<br \/>\n&#8211; Pour l&rsquo;Universit\u00e9 de Strasbourg aupr\u00e8s de <a href=\"mailto:dpo@unistra.fr\">dpo@unistra.fr<\/a> ou Direction du num\u00e9rique de l&rsquo;Universit\u00e9 de Strasbourg, \u00e0 l&rsquo;attention de la d\u00e9l\u00e9gu\u00e9e \u00e0 la protection des donn\u00e9es, 14 Rue Ren\u00e9 Descartes, 67084 Strasbourg CEDEX<br \/>\n&#8211; Pour les CCI territoriales du Grand Est et la CCI Grand Est aupr\u00e8s de <a href=\"mailto:dpo@grandest.cci.fr\">dpo@grandest.cci.fr<\/a> ou DPD CCI Grand Est 10 rue Claude Gel\u00e9e BP41071 88051 Epinal<br \/>\n&#8211; Pour la Chambre de M\u00e9tiers d&rsquo;Alsace aupr\u00e8s de <a href=\"mailto:conseil@dposystem.fr\">conseil@dposystem.fr<\/a> ou 01 84 60 48 50 &#8211; Chambre de M\u00e9tiers d&rsquo;Alsace, Espace Europ\u00e9en de l\u2019Entreprise, 30, avenue de l\u2019Europe &#8211; 67300 Schiltigheim<br \/>\nAutorit\u00e9 de contr\u00f4le aupr\u00e8s de laquelle vous pouvez introduire un recours : <a href=\"www.cnil.fr\">www.cnil.fr<\/a>\n\t<\/p>\n<\/div>\n<div class=\"field send\">\n\t<p><input class=\"wpcf7-form-control has-spinner wpcf7-submit\" type=\"submit\" value=\"Je m&#039;inscris\" \/>\n\t<\/p>\n<\/div><div class=\"wpcf7-response-output\" aria-hidden=\"true\"><\/div>\n<\/form>\n<\/div>\n    <\/div>\r\n<\/div>","protected":false},"excerpt":{"rendered":"<p>ont le plaisir de vous inviter pour Les Rencontres \u00e9conomiques un moment d\u2019inspiration pour les acteurs \u00e9conomiques de l\u2019Eurom\u00e9tropole de Strasbourg&nbsp;sur le th\u00e8me (R)\u00e9volution de l&#8217;emploi : comp\u00e9tences, qu\u00eate de sens &amp; nouvelles organisations &nbsp; Mardi 16 janvier 2024 \u00e0 18 h 30 Palais de la Musique et des Congr\u00e8s de Strasbourg (entr\u00e9e Erasme) Ouverture [&hellip;]<\/p>\n","protected":false},"author":1,"featured_media":289,"parent":0,"menu_order":0,"comment_status":"closed","ping_status":"closed","template":"","meta":{"footnotes":""},"class_list":["post-6","page","type-page","status-publish","has-post-thumbnail","hentry"],"acf":[],"_links":{"self":[{"href":"https:\/\/rdv-entreprise.com\/rencontres-eco2024\/wp-json\/wp\/v2\/pages\/6","targetHints":{"allow":["GET"]}}],"collection":[{"href":"https:\/\/rdv-entreprise.com\/rencontres-eco2024\/wp-json\/wp\/v2\/pages"}],"about":[{"href":"https:\/\/rdv-entreprise.com\/rencontres-eco2024\/wp-json\/wp\/v2\/types\/page"}],"author":[{"embeddable":true,"href":"https:\/\/rdv-entreprise.com\/rencontres-eco2024\/wp-json\/wp\/v2\/users\/1"}],"replies":[{"embeddable":true,"href":"https:\/\/rdv-entreprise.com\/rencontres-eco2024\/wp-json\/wp\/v2\/comments?post=6"}],"version-history":[{"count":146,"href":"https:\/\/rdv-entreprise.com\/rencontres-eco2024\/wp-json\/wp\/v2\/pages\/6\/revisions"}],"predecessor-version":[{"id":1242,"href":"https:\/\/rdv-entreprise.com\/rencontres-eco2024\/wp-json\/wp\/v2\/pages\/6\/revisions\/1242"}],"wp:featuredmedia":[{"embeddable":true,"href":"https:\/\/rdv-entreprise.com\/rencontres-eco2024\/wp-json\/wp\/v2\/media\/289"}],"wp:attachment":[{"href":"https:\/\/rdv-entreprise.com\/rencontres-eco2024\/wp-json\/wp\/v2\/media?parent=6"}],"curies":[{"name":"wp","href":"https:\/\/api.w.org\/{rel}","templated":true}]}}